{"id":315,"date":"2018-02-07T18:25:40","date_gmt":"2018-02-07T17:25:40","guid":{"rendered":"https:\/\/ramaderiacalandreu.com\/quienes-somos\/"},"modified":"2020-05-26T09:39:39","modified_gmt":"2020-05-26T08:39:39","slug":"quienes-somos","status":"publish","type":"page","link":"https:\/\/ramaderiacalandreu.com\/es\/quienes-somos\/","title":{"rendered":"\u00bfQui\u00e9nes somos?"},"content":{"rendered":"<p>[et_pb_section fb_built=\u00bb1&#8243; fullwidth=\u00bbon\u00bb _builder_version=\u00bb3.22&#8243; animation_style=\u00bbslide\u00bb animation_direction=\u00bbtop\u00bb animation_intensity_slide=\u00bb2%\u00bb animation_starting_opacity=\u00bb100%\u00bb locked=\u00bboff\u00bb][et_pb_fullwidth_header title=\u00bb\u00bfQui\u00e9nes somos?\u00bb content_max_width=\u00bb800px\u00bb _builder_version=\u00bb4.4.5&#8243; title_level=\u00bbh2&#8243; title_font=\u00bbLato||||||||\u00bb title_font_size=\u00bb60px\u00bb title_line_height=\u00bb1.2em\u00bb content_font_size=\u00bb20px\u00bb content_line_height=\u00bb1.8em\u00bb background_color=\u00bbrgba(255, 255, 255, 0)\u00bb use_background_color_gradient=\u00bbon\u00bb background_color_gradient_start=\u00bbrgba(0,0,0,0.75)\u00bb background_color_gradient_end=\u00bbrgba(0,0,0,0)\u00bb background_color_gradient_direction=\u00bb90deg\u00bb background_color_gradient_overlays_image=\u00bbon\u00bb background_image=\u00bbhttps:\/\/ramaderiacalandreu.com\/wp-content\/uploads\/2018\/01\/carta_galeria-ramaderiacalandreu-ramaderia-cal-andreu-22567_ppc.jpg\u00bb custom_button_one=\u00bbon\u00bb button_one_text_size=\u00bb18px\u00bb button_one_bg_color=\u00bb#02d002&#8243; button_one_border_width=\u00bb8px\u00bb button_one_border_color=\u00bb#02d002&#8243; button_one_border_radius=\u00bb0px\u00bb button_one_letter_spacing=\u00bb1px\u00bb button_one_font=\u00bbLato|700|||||||\u00bb button_one_use_icon=\u00bboff\u00bb custom_button_two=\u00bbon\u00bb button_two_text_size=\u00bb18px\u00bb button_two_text_color=\u00bb#353740&#8243; button_two_bg_color=\u00bb#ffffff\u00bb button_two_border_width=\u00bb8px\u00bb button_two_border_color=\u00bb#ffffff\u00bb button_two_border_radius=\u00bb0px\u00bb button_two_letter_spacing=\u00bb1px\u00bb button_two_font=\u00bbLato|700|||||||\u00bb button_two_use_icon=\u00bboff\u00bb custom_margin=\u00bb|||\u00bb custom_padding=\u00bb8%||8%|\u00bb button_one_letter_spacing_hover=\u00bb1px\u00bb button_two_letter_spacing_hover=\u00bb1px\u00bb locked=\u00bboff\u00bb button_one_text_size__hover_enabled=\u00bboff\u00bb button_two_text_size__hover_enabled=\u00bboff\u00bb button_one_text_color__hover_enabled=\u00bboff\u00bb button_two_text_color__hover_enabled=\u00bboff\u00bb button_one_border_width__hover_enabled=\u00bboff\u00bb button_two_border_width__hover_enabled=\u00bboff\u00bb button_one_border_color__hover_enabled=\u00bboff\u00bb button_two_border_color__hover_enabled=\u00bboff\u00bb button_one_border_radius__hover_enabled=\u00bboff\u00bb button_two_border_radius__hover_enabled=\u00bboff\u00bb button_one_letter_spacing__hover_enabled=\u00bbon\u00bb button_one_letter_spacing__hover=\u00bb1px\u00bb button_two_letter_spacing__hover_enabled=\u00bbon\u00bb button_two_letter_spacing__hover=\u00bb1px\u00bb button_one_bg_color__hover_enabled=\u00bboff\u00bb button_two_bg_color__hover_enabled=\u00bboff\u00bb][\/et_pb_fullwidth_header][\/et_pb_section][et_pb_section fb_built=\u00bb1&#8243; _builder_version=\u00bb3.22&#8243;][et_pb_row column_structure=\u00bb1_2,1_2&#8243; _builder_version=\u00bb3.25&#8243; background_size=\u00bbinitial\u00bb background_position=\u00bbtop_left\u00bb background_repeat=\u00bbrepeat\u00bb][et_pb_column type=\u00bb1_2&#8243; _builder_version=\u00bb3.25&#8243; custom_padding=\u00bb|||\u00bb custom_padding__hover=\u00bb|||\u00bb][et_pb_video src=\u00bbhttps:\/\/youtu.be\/aBmNK2mXPbY\u00bb image_src=\u00bb\/\/i.ytimg.com\/vi\/aBmNK2mXPbY\/hqdefault.jpg\u00bb _builder_version=\u00bb4.4.5&#8243;][\/et_pb_video][\/et_pb_column][et_pb_column type=\u00bb1_2&#8243; _builder_version=\u00bb3.25&#8243; custom_padding=\u00bb|||\u00bb custom_padding__hover=\u00bb|||\u00bb][et_pb_text _builder_version=\u00bb4.4.5&#8243; hover_enabled=\u00bb0&#8243;]<\/p>\n<h3>Ca l&#8217;Andreu es una explotaci\u00f3n ganadera familiar especializada en la producci\u00f3n de carne ecol\u00f3gica de ternera.<\/h3>\n<p>Nuestra ganader\u00eda ligada a la tierra y al respeto al bienestar animal.<\/p>\n<p>La ganader\u00eda Ca \u200b\u200bl&#8217;Andreu se encuentra en Al\u00e0s, un peque\u00f1o pueblo de la comarca del Alt Urgell situado a 4km de la Seo de Urgel. La situaci\u00f3n geogr\u00e1fica de Ca l&#8217;Andreu permite que nuestros animales vivan en un lugar natural, tranquilo, ecol\u00f3gico y libre de agentes contaminantes.<\/p>\n<p>Nuestra vocaci\u00f3n es producir carne ecol\u00f3gica de la mejor calidad tanto desde el punto de vista organol\u00e9ptico (sabor, ternura, color, olor &#8230;) como de la salud humana. Y es por eso que nuestro lema es: Que la comida sea tu alimento y el alimento tu medicina.<\/p>\n<p>En Ca l&#8217;Andreu te ofrecemos una manera f\u00e1cil y directa de comprar carne ecol\u00f3gica, sin intermediarios. A trav\u00e9s de nuestra web puedes realizar tu pedido y te la servimos en casa para que puedas disfrutar de la mejor carne fresca y envasada para ser directamente consumida o congelada.<\/p>\n<p>[\/et_pb_text][\/et_pb_column][\/et_pb_row][et_pb_row column_structure=\u00bb1_2,1_2&#8243; _builder_version=\u00bb4.4.5&#8243;][et_pb_column type=\u00bb1_2&#8243; _builder_version=\u00bb4.4.5&#8243;][et_pb_text _builder_version=\u00bb4.4.5&#8243;]<\/p>\n<h3>La Ramaderia Ca l\u2019Andreu es considerada una de las mejores de Espa\u00f1a<\/h3>\n<p>En un\u00a0<a href=\"https:\/\/www.lavanguardia.com\/comer\/sitios\/20200524\/6984\/mejores-carnicerias-espana-venta-online.html?fbclid=IwAR1s6yJKT_saT3CEUx0NixmOlL6lVPTxnHIdhCmTsytvOOZn9egUPljZ8Xw\" target=\"_blank\" rel=\"noopener noreferrer\">art\u00edculo de Jorge Guit\u00edan publicado el 24 de mayo de 2020 en el peri\u00f3dico La Vanguardia<\/a>, la Ramaderia Ca l\u2019Andreu es condiderada una de las mejores de Espa\u00f1a en la venta online.<\/p>\n<p><em>\u201cEn Ca l\u2019Andreu est\u00e1n especializados en la producci\u00f3n de carne ecol\u00f3gica. En sus instalaciones de Al\u00e0s, en el Alt Urgell, los animales, de las razas\u00a0<strong>Bruna del Pirineo y Angus<\/strong>, se cr\u00edan en un entorno absolutamente tranquilo y libre de contaminantes.<\/em><br \/><em>\u200bA trav\u00e9s de su tienda online comercializan directamente\u00a0<strong>diferentes cortes y packs\u00a0<\/strong>certificados por el Consell Catal\u00e0 de la Producci\u00f3 Agr\u00e0ria Ecol\u00f2gica.\u201d<\/em><\/p>\n<p>[\/et_pb_text][\/et_pb_column][et_pb_column type=\u00bb1_2&#8243; _builder_version=\u00bb4.4.5&#8243;][et_pb_image src=\u00bbhttps:\/\/ramaderiacalandreu.com\/wp-content\/uploads\/2020\/05\/calandreu.jpeg\u00bb alt=\u00bbcalandreu\u00bb title_text=\u00bbcalandreu\u00bb _builder_version=\u00bb4.4.5&#8243;][\/et_pb_image][\/et_pb_column][\/et_pb_row][\/et_pb_section]<\/p>\n","protected":false},"excerpt":{"rendered":"<p>Ca l&#8217;Andreu es una explotaci\u00f3n ganadera familiar especializada en la producci\u00f3n de carne ecol\u00f3gica de ternera. Nuestra ganader\u00eda ligada a la tierra y al respeto al bienestar animal. La ganader\u00eda Ca \u200b\u200bl&#8217;Andreu se encuentra en Al\u00e0s, un peque\u00f1o pueblo de la comarca del Alt Urgell situado a 4km de la Seo de Urgel. La situaci\u00f3n [&hellip;]<\/p>\n","protected":false},"author":1,"featured_media":0,"parent":0,"menu_order":0,"comment_status":"closed","ping_status":"closed","template":"","meta":{"_et_pb_use_builder":"on","_et_pb_old_content":"","_et_gb_content_width":"","jetpack_post_was_ever_published":false,"footnotes":""},"class_list":["post-315","page","type-page","status-publish","hentry"],"yoast_head":"<!-- This site is optimized with the Yoast SEO plugin v26.2 - https:\/\/yoast.com\/wordpress\/plugins\/seo\/ -->\n<title>\u00bfQui\u00e9nes somos? - Ramaderia Ca L&#039;Andreu<\/title>\n<meta name=\"robots\" content=\"index, follow, max-snippet:-1, max-image-preview:large, max-video-preview:-1\" \/>\n<link rel=\"canonical\" href=\"https:\/\/ramaderiacalandreu.com\/es\/quienes-somos\/\" \/>\n<meta property=\"og:locale\" content=\"es_ES\" \/>\n<meta property=\"og:type\" content=\"article\" \/>\n<meta property=\"og:title\" content=\"\u00bfQui\u00e9nes somos? - Ramaderia Ca L&#039;Andreu\" \/>\n<meta property=\"og:description\" content=\"Ca l&#039;Andreu es una explotaci\u00f3n ganadera familiar especializada en la producci\u00f3n de carne ecol\u00f3gica de ternera. Nuestra ganader\u00eda ligada a la tierra y al respeto al bienestar animal. La ganader\u00eda Ca \u200b\u200bl&#039;Andreu se encuentra en Al\u00e0s, un peque\u00f1o pueblo de la comarca del Alt Urgell situado a 4km de la Seo de Urgel. La situaci\u00f3n [&hellip;]\" \/>\n<meta property=\"og:url\" content=\"https:\/\/ramaderiacalandreu.com\/es\/quienes-somos\/\" \/>\n<meta property=\"og:site_name\" content=\"Ramaderia Ca L&#039;Andreu\" \/>\n<meta property=\"article:modified_time\" content=\"2020-05-26T08:39:39+00:00\" \/>\n<meta name=\"twitter:card\" content=\"summary_large_image\" \/>\n<meta name=\"twitter:label1\" content=\"Tiempo de lectura\" \/>\n\t<meta name=\"twitter:data1\" content=\"4 minutos\" \/>\n<script type=\"application\/ld+json\" class=\"yoast-schema-graph\">{\"@context\":\"https:\/\/schema.org\",\"@graph\":[{\"@type\":\"WebPage\",\"@id\":\"https:\/\/ramaderiacalandreu.com\/es\/quienes-somos\/\",\"url\":\"https:\/\/ramaderiacalandreu.com\/es\/quienes-somos\/\",\"name\":\"\u00bfQui\u00e9nes somos? - Ramaderia Ca L&#039;Andreu\",\"isPartOf\":{\"@id\":\"https:\/\/ramaderiacalandreu.com\/#website\"},\"datePublished\":\"2018-02-07T17:25:40+00:00\",\"dateModified\":\"2020-05-26T08:39:39+00:00\",\"breadcrumb\":{\"@id\":\"https:\/\/ramaderiacalandreu.com\/es\/quienes-somos\/#breadcrumb\"},\"inLanguage\":\"es\",\"potentialAction\":[{\"@type\":\"ReadAction\",\"target\":[\"https:\/\/ramaderiacalandreu.com\/es\/quienes-somos\/\"]}]},{\"@type\":\"BreadcrumbList\",\"@id\":\"https:\/\/ramaderiacalandreu.com\/es\/quienes-somos\/#breadcrumb\",\"itemListElement\":[{\"@type\":\"ListItem\",\"position\":1,\"name\":\"Inici\",\"item\":\"https:\/\/ramaderiacalandreu.com\/es\/\"},{\"@type\":\"ListItem\",\"position\":2,\"name\":\"\u00bfQui\u00e9nes somos?\"}]},{\"@type\":\"WebSite\",\"@id\":\"https:\/\/ramaderiacalandreu.com\/#website\",\"url\":\"https:\/\/ramaderiacalandreu.com\/\",\"name\":\"Ramaderia Ca L&#039;Andreu\",\"description\":\"Botiga online de carn ecol\u00f2gica\",\"potentialAction\":[{\"@type\":\"SearchAction\",\"target\":{\"@type\":\"EntryPoint\",\"urlTemplate\":\"https:\/\/ramaderiacalandreu.com\/?s={search_term_string}\"},\"query-input\":{\"@type\":\"PropertyValueSpecification\",\"valueRequired\":true,\"valueName\":\"search_term_string\"}}],\"inLanguage\":\"es\"}]}<\/script>\n<!-- \/ Yoast SEO plugin. -->","yoast_head_json":{"title":"\u00bfQui\u00e9nes somos? - Ramaderia Ca L&#039;Andreu","robots":{"index":"index","follow":"follow","max-snippet":"max-snippet:-1","max-image-preview":"max-image-preview:large","max-video-preview":"max-video-preview:-1"},"canonical":"https:\/\/ramaderiacalandreu.com\/es\/quienes-somos\/","og_locale":"es_ES","og_type":"article","og_title":"\u00bfQui\u00e9nes somos? - Ramaderia Ca L&#039;Andreu","og_description":"Ca l'Andreu es una explotaci\u00f3n ganadera familiar especializada en la producci\u00f3n de carne ecol\u00f3gica de ternera. Nuestra ganader\u00eda ligada a la tierra y al respeto al bienestar animal. La ganader\u00eda Ca \u200b\u200bl'Andreu se encuentra en Al\u00e0s, un peque\u00f1o pueblo de la comarca del Alt Urgell situado a 4km de la Seo de Urgel. La situaci\u00f3n [&hellip;]","og_url":"https:\/\/ramaderiacalandreu.com\/es\/quienes-somos\/","og_site_name":"Ramaderia Ca L&#039;Andreu","article_modified_time":"2020-05-26T08:39:39+00:00","twitter_card":"summary_large_image","twitter_misc":{"Tiempo de lectura":"4 minutos"},"schema":{"@context":"https:\/\/schema.org","@graph":[{"@type":"WebPage","@id":"https:\/\/ramaderiacalandreu.com\/es\/quienes-somos\/","url":"https:\/\/ramaderiacalandreu.com\/es\/quienes-somos\/","name":"\u00bfQui\u00e9nes somos? - Ramaderia Ca L&#039;Andreu","isPartOf":{"@id":"https:\/\/ramaderiacalandreu.com\/#website"},"datePublished":"2018-02-07T17:25:40+00:00","dateModified":"2020-05-26T08:39:39+00:00","breadcrumb":{"@id":"https:\/\/ramaderiacalandreu.com\/es\/quienes-somos\/#breadcrumb"},"inLanguage":"es","potentialAction":[{"@type":"ReadAction","target":["https:\/\/ramaderiacalandreu.com\/es\/quienes-somos\/"]}]},{"@type":"BreadcrumbList","@id":"https:\/\/ramaderiacalandreu.com\/es\/quienes-somos\/#breadcrumb","itemListElement":[{"@type":"ListItem","position":1,"name":"Inici","item":"https:\/\/ramaderiacalandreu.com\/es\/"},{"@type":"ListItem","position":2,"name":"\u00bfQui\u00e9nes somos?"}]},{"@type":"WebSite","@id":"https:\/\/ramaderiacalandreu.com\/#website","url":"https:\/\/ramaderiacalandreu.com\/","name":"Ramaderia Ca L&#039;Andreu","description":"Botiga online de carn ecol\u00f2gica","potentialAction":[{"@type":"SearchAction","target":{"@type":"EntryPoint","urlTemplate":"https:\/\/ramaderiacalandreu.com\/?s={search_term_string}"},"query-input":{"@type":"PropertyValueSpecification","valueRequired":true,"valueName":"search_term_string"}}],"inLanguage":"es"}]}},"jetpack_sharing_enabled":true,"jetpack_shortlink":"https:\/\/wp.me\/P9BGFK-55","jetpack_likes_enabled":true,"jetpack-related-posts":[],"_links":{"self":[{"href":"https:\/\/ramaderiacalandreu.com\/es\/wp-json\/wp\/v2\/pages\/315","targetHints":{"allow":["GET"]}}],"collection":[{"href":"https:\/\/ramaderiacalandreu.com\/es\/wp-json\/wp\/v2\/pages"}],"about":[{"href":"https:\/\/ramaderiacalandreu.com\/es\/wp-json\/wp\/v2\/types\/page"}],"author":[{"embeddable":true,"href":"https:\/\/ramaderiacalandreu.com\/es\/wp-json\/wp\/v2\/users\/1"}],"replies":[{"embeddable":true,"href":"https:\/\/ramaderiacalandreu.com\/es\/wp-json\/wp\/v2\/comments?post=315"}],"version-history":[{"count":9,"href":"https:\/\/ramaderiacalandreu.com\/es\/wp-json\/wp\/v2\/pages\/315\/revisions"}],"predecessor-version":[{"id":1156,"href":"https:\/\/ramaderiacalandreu.com\/es\/wp-json\/wp\/v2\/pages\/315\/revisions\/1156"}],"wp:attachment":[{"href":"https:\/\/ramaderiacalandreu.com\/es\/wp-json\/wp\/v2\/media?parent=315"}],"curies":[{"name":"wp","href":"https:\/\/api.w.org\/{rel}","templated":true}]}}