{"id":956,"date":"2018-12-17T10:05:33","date_gmt":"2018-12-17T09:05:33","guid":{"rendered":"https:\/\/ramaderiacalandreu.com\/aviso-legal\/"},"modified":"2018-12-17T10:05:33","modified_gmt":"2018-12-17T09:05:33","slug":"aviso-legal","status":"publish","type":"page","link":"https:\/\/ramaderiacalandreu.com\/es\/aviso-legal\/","title":{"rendered":"Aviso legal"},"content":{"rendered":"<p><strong>LEY DE LOS SERVICIOS DE LA SOCIEDAD DE LA INFORMACI\u00d3N (LSSI)<\/strong><\/p>\n<p>Ramaderia ecol\u00f2gica ca l&#8217;Andreu,SL, responsable del sitio web, en adelante RESPONSABLE, pone a<br \/>\ndisposici\u00f3n de los usuarios el presente documento, con el que pretende dar cumplimiento a las<br \/>\nobligaciones dispuestas en la Ley 34\/2002, de 11 de julio, de Servicios de la Sociedad de la<br \/>\nInformaci\u00f3n y de Comercio Electr\u00f3nico (LSSICE), BOE N o 166, as\u00ed como informar a todos los usuarios<br \/>\ndel sitio web respecto a cu\u00e1les son las condiciones de uso.<br \/>\nToda persona que acceda a este sitio web asume el papel de usuario, comprometi\u00e9ndose a la<br \/>\nobservancia y cumplimiento riguroso de las disposiciones aqu\u00ed dispuestas, as\u00ed como a cualquier otra<br \/>\ndisposici\u00f3n legal que fuera de aplicaci\u00f3n.<br \/>\nRamaderia ecol\u00f2gica ca l&#8217;Andreu,SL se reserva el derecho de modificar cualquier tipo de informaci\u00f3n<br \/>\nque pudiera aparecer en el sitio web, sin que exista obligaci\u00f3n de preavisar o poner en conocimiento<br \/>\nde los usuarios dichas obligaciones, entendi\u00e9ndose como suficiente con la publicaci\u00f3n en el sitio web<br \/>\nde Ramaderia ecol\u00f2gica ca l&#8217;Andreu,SL.<br \/>\n1. DATOS IDENTIFICATIVOS<br \/>\nNombre de dominio: https:\/\/ramaderiacalandreu.com<br \/>\nNombre comercial: Ramaderia ecol\u00f2gica ca l&#8217;Andreu,SL<br \/>\nDenominaci\u00f3n social: Ramaderia ecol\u00f2gica ca l&#8217;Andreu,SL<br \/>\nNIF: B25801341<br \/>\nDomicilio social: RIBES ALTES &#8211; CA L&#8217;ANDREU S\/N , 25718 Al\u00e0s i Cerc (LLEIDA)<br \/>\nTel\u00e9fono: 639251059<br \/>\ne-mail: info@ramaderiacalandreu.com<br \/>\nInscrita en el Registro (Mercantil \/ P\u00fablico): Tomo: 1432 Libro registro: 1 Folio Registro: 196 Hoja<br \/>\nregistro: L28820 Noinscripci\u00f3n: 1<br \/>\n2. DERECHOS DE PROPIEDAD INTELECTUAL E INDUSTRIAL<br \/>\nEl sitio web, incluyendo a t\u00edtulo enunciativo pero no limitativo su programaci\u00f3n, edici\u00f3n, compilaci\u00f3n y<br \/>\ndem\u00e1s elementos necesarios para su funcionamiento, los dise\u00f1os, logotipos, texto y\/o gr\u00e1ficos, son<br \/>\npropiedad del RESPONSABLE o, si es el caso, dispone de licencia o autorizaci\u00f3n expresa por parte de<br \/>\nlos autores. Todos los contenidos del sitio web se encuentran debidamente protegidos por la normativa<br \/>\nde propiedad intelectual e industrial, as\u00ed como inscritos en los registros p\u00fablicos correspondientes.<br \/>\nIndependientemente de la finalidad para la que fueran destinados, la reproducci\u00f3n total o parcial, uso,<br \/>\nexplotaci\u00f3n, distribuci\u00f3n y comercializaci\u00f3n, requiere en todo caso de la autorizaci\u00f3n escrita previa por<br \/>\nparte del RESPONSABLE. Cualquier uso no autorizado previamente se considera un incumplimiento<br \/>\ngrave de los derechos de propiedad intelectual o industrial del autor.<br \/>\nLos dise\u00f1os, logotipos, texto y\/o gr\u00e1ficos ajenos al RESPONSABLE y que pudieran aparecer en el sitio<br \/>\nweb, pertenecen a sus respectivos propietarios, siendo ellos mismos responsables de cualquier posible<br \/>\ncontroversia que pudiera suscitarse respecto a los mismos. El RESPONSABLE autoriza expresamente<br \/>\na que terceros puedan redirigir directamente a los contenidos concretos del sitio web, y en todo caso<br \/>\nredirigir al sitio web principal de https:\/\/ramaderiacalandreu.com.<br \/>\nEl RESPONSABLE reconoce a favor de sus titulares los correspondientes derechos de propiedad<\/p>\n<p>Ramaderia ecol\u00f2gica ca l&#8217;Andreu,SL<\/p>\n<p>Ramaderia ecol\u00f2gica ca l&#8217;Andreu,SL<br \/>\nRIBES ALTES &#8211; CA L&#8217;ANDREU, S\/N &#8211; Al\u00e0s i Cerc 25718 (LLEIDA)<br \/>\nintelectual e industrial, no implicando su sola menci\u00f3n o aparici\u00f3n en el sitio web la existencia de<br \/>\nderechos o responsabilidad alguna sobre los mismos, como tampoco respaldo, patrocinio o<br \/>\nrecomendaci\u00f3n por parte del mismo.<br \/>\nPara realizar cualquier tipo de observaci\u00f3n respecto a posibles incumplimientos de los derechos de<br \/>\npropiedad intelectual o industrial, as\u00ed como sobre cualquiera de los contenidos del sitio web, puede<br \/>\nhacerlo a trav\u00e9s del correo electr\u00f3nico info@ramaderiacalandreu.com.<br \/>\n3. EXENCI\u00d3N DE RESPONSABILIDADES<br \/>\nEl RESPONSABLE se exime de cualquier tipo de responsabilidad derivada de la informaci\u00f3n publicada<br \/>\nen su sitio web siempre que esta informaci\u00f3n haya sido manipulada o introducida por un tercero ajeno<br \/>\nal mismo.<br \/>\nUso de Cookies<br \/>\nEste sitio web de puede utilizar cookies t\u00e9cnicas (peque\u00f1os archivos de informaci\u00f3n que el servidor<br \/>\nenv\u00eda al ordenador de quien accede a la p\u00e1gina) para llevar a cabo determinadas funciones que son<br \/>\nconsideradas imprescindibles para el correcto funcionamiento y visualizaci\u00f3n del sitio. Las cookies<br \/>\nutilizadas tienen, en todo caso, car\u00e1cter temporal, con la \u00fanica finalidad de hacer m\u00e1s eficaz la<br \/>\nnavegaci\u00f3n, y desaparecen al terminar la sesi\u00f3n del usuario. En ning\u00fan caso, estas cookies<br \/>\nproporcionan por s\u00ed mismas datos de car\u00e1cter personal y no se utilizar\u00e1n para la recogida de los<br \/>\nmismos.<br \/>\nMediante el uso de cookies tambi\u00e9n es posible que el servidor donde se encuentra la web reconozca el<br \/>\nnavegador utilizado por el usuario con la finalidad de que la navegaci\u00f3n sea m\u00e1s sencilla, permitiendo,<br \/>\npor ejemplo, el acceso de los usuarios que se hayan registrado previamente a las \u00e1reas, servicios,<br \/>\npromociones o concursos reservados exclusivamente a ellos sin tener que registrarse en cada visita.<br \/>\nTambi\u00e9n se pueden utilizar para medir la audiencia, par\u00e1metros de tr\u00e1fico, controlar el progreso y<br \/>\nn\u00famero de entradas, etc, siendo en estos casos cookies prescindibles t\u00e9cnicamente pero beneficiosas<br \/>\npara el usuario. Este sitio web no instalar\u00e1 cookies prescindibles sin el consentimiento previo del<br \/>\nusuario.<br \/>\nEl usuario tiene la posibilidad de configurar su navegador para ser alertado de la recepci\u00f3n de cookies<br \/>\ny para impedir su instalaci\u00f3n en su equipo. Por favor, consulte las instrucciones de su navegador para<br \/>\nampliar esta informaci\u00f3n.<br \/>\nPol\u00edtica de enlaces<br \/>\nDesde el sitio web, es posible que se redirija a contenidos de terceros sitios web. Dado que el<br \/>\nRESPONSABLE no puede controlar siempre los contenidos introducidos por los terceros en sus<br \/>\nrespectivos sitios web, no asume ning\u00fan tipo de responsabilidad respecto a dichos contenidos. En todo<br \/>\ncaso, proceder\u00e1 a la retirada inmediata de cualquier contenido que pudiera contravenir la legislaci\u00f3n<br \/>\nnacional o internacional, la moral o el orden p\u00fablico, procediendo a la retirada inmediata de la<br \/>\nredirecci\u00f3n a dicho sitio web, poniendo en conocimiento de las autoridades competentes el contenido<br \/>\nen cuesti\u00f3n.<br \/>\nEl RESPONSABLE no se hace responsable de la informaci\u00f3n y contenidos almacenados, a t\u00edtulo<br \/>\nenunciativo pero no limitativo, en foros, chats, generadores de blogs, comentarios, redes sociales o<br \/>\ncualquier otro medio que permita a terceros publicar contenidos de forma independiente en la p\u00e1gina<br \/>\nweb del RESPONSABLE. Sin embargo, y en cumplimiento de lo dispuesto en los art\u00edculos 11 y 16 de<br \/>\nla LSSICE, se pone a disposici\u00f3n de todos los usuarios, autoridades y fuerzas de seguridad,<br \/>\ncolaborando de forma activa en la retirada o, en su caso, bloqueo de todos aquellos contenidos que<\/p>\n<p>Ramaderia ecol\u00f2gica ca l&#8217;Andreu,SL<\/p>\n<p>Ramaderia ecol\u00f2gica ca l&#8217;Andreu,SL<br \/>\nRIBES ALTES &#8211; CA L&#8217;ANDREU, S\/N &#8211; Al\u00e0s i Cerc 25718 (LLEIDA)<br \/>\npuedan afectar o contravenir la legislaci\u00f3n nacional o internacional, los derechos de terceros o la moral<br \/>\ny el orden p\u00fablico. En caso de que el usuario considere que existe en el sitio web alg\u00fan contenido que<br \/>\npudiera ser susceptible de esta clasificaci\u00f3n, se ruega lo notifique de forma inmediata al administrador<br \/>\ndel sitio web.<br \/>\nEste sitio web ha sido revisado y probado para que funcione correctamente. En principio, puede<br \/>\ngarantizarse el correcto funcionamiento los 365 d\u00edas del a\u00f1o, 24 horas al d\u00eda. Sin embargo,<br \/>\nel RESPONSABLE no descarta la posibilidad de que existan ciertos errores de programaci\u00f3n, o que<br \/>\nacontezcan causas de fuerza mayor, cat\u00e1strofes naturales, huelgas o circunstancias semejantes que<br \/>\nhagan imposible el acceso a la p\u00e1gina web.<br \/>\nDirecciones IP<br \/>\nLos servidores del sitio web podr\u00e1n detectar de manera autom\u00e1tica la direcci\u00f3n IP y el nombre de<br \/>\ndominio utilizados por el usuario. Una direcci\u00f3n IP es un n\u00famero asignado autom\u00e1ticamente a un<br \/>\nordenador cuando \u00e9ste se conecta a Internet. Toda esta informaci\u00f3n es registrada en un fichero de<br \/>\nactividad del servidor debidamente inscrito que permite el posterior procesamiento de los datos con el<br \/>\nfin de obtener mediciones \u00fanicamente estad\u00edsticas que permitan conocer el n\u00famero de impresiones de<br \/>\np\u00e1ginas, el n\u00famero de visitas realizadas a los servidores web, el orden de visitas, el punto de acceso,<br \/>\netc.<br \/>\n4. LEY APLICABLE Y JURISDICCI\u00d3N<br \/>\nPara la resoluci\u00f3n de todas las controversias o cuestiones relacionadas con el presente sitio web o de<br \/>\nlas actividades en \u00e9l desarrolladas, ser\u00e1 de aplicaci\u00f3n la legislaci\u00f3n espa\u00f1ola, a la que se someten<br \/>\nexpresamente las partes, siendo competentes para la resoluci\u00f3n de todos los conflictos derivados o<br \/>\nrelacionados con su uso los Juzgados y Tribunales m\u00e1s cercanos a Al\u00e0s i Cerc.<\/p>\n","protected":false},"excerpt":{"rendered":"<p>LEY DE LOS SERVICIOS DE LA SOCIEDAD DE LA INFORMACI\u00d3N (LSSI) Ramaderia ecol\u00f2gica ca l&#8217;Andreu,SL, responsable del sitio web, en adelante RESPONSABLE, pone a disposici\u00f3n de los usuarios el presente documento, con el que pretende dar cumplimiento a las obligaciones dispuestas en la Ley 34\/2002, de 11 de julio, de Servicios de la Sociedad de [&hellip;]<\/p>\n","protected":false},"author":1,"featured_media":0,"parent":0,"menu_order":0,"comment_status":"closed","ping_status":"closed","template":"","meta":{"_et_pb_use_builder":"","_et_pb_old_content":"","_et_gb_content_width":"","jetpack_post_was_ever_published":false,"footnotes":""},"class_list":["post-956","page","type-page","status-publish","hentry"],"yoast_head":"<!-- This site is optimized with the Yoast SEO plugin v26.2 - https:\/\/yoast.com\/wordpress\/plugins\/seo\/ -->\n<title>Aviso legal - Ramaderia Ca L&#039;Andreu<\/title>\n<meta name=\"robots\" content=\"index, follow, max-snippet:-1, max-image-preview:large, max-video-preview:-1\" \/>\n<link rel=\"canonical\" href=\"https:\/\/ramaderiacalandreu.com\/es\/aviso-legal\/\" \/>\n<meta property=\"og:locale\" content=\"es_ES\" \/>\n<meta property=\"og:type\" content=\"article\" \/>\n<meta property=\"og:title\" content=\"Aviso legal - Ramaderia Ca L&#039;Andreu\" \/>\n<meta property=\"og:description\" content=\"LEY DE LOS SERVICIOS DE LA SOCIEDAD DE LA INFORMACI\u00d3N (LSSI) Ramaderia ecol\u00f2gica ca l&#8217;Andreu,SL, responsable del sitio web, en adelante RESPONSABLE, pone a disposici\u00f3n de los usuarios el presente documento, con el que pretende dar cumplimiento a las obligaciones dispuestas en la Ley 34\/2002, de 11 de julio, de Servicios de la Sociedad de [&hellip;]\" \/>\n<meta property=\"og:url\" content=\"https:\/\/ramaderiacalandreu.com\/es\/aviso-legal\/\" \/>\n<meta property=\"og:site_name\" content=\"Ramaderia Ca L&#039;Andreu\" \/>\n<meta name=\"twitter:card\" content=\"summary_large_image\" \/>\n<meta name=\"twitter:label1\" content=\"Tiempo de lectura\" \/>\n\t<meta name=\"twitter:data1\" content=\"7 minutos\" \/>\n<script type=\"application\/ld+json\" class=\"yoast-schema-graph\">{\"@context\":\"https:\/\/schema.org\",\"@graph\":[{\"@type\":\"WebPage\",\"@id\":\"https:\/\/ramaderiacalandreu.com\/es\/aviso-legal\/\",\"url\":\"https:\/\/ramaderiacalandreu.com\/es\/aviso-legal\/\",\"name\":\"Aviso legal - Ramaderia Ca L&#039;Andreu\",\"isPartOf\":{\"@id\":\"https:\/\/ramaderiacalandreu.com\/#website\"},\"datePublished\":\"2018-12-17T09:05:33+00:00\",\"breadcrumb\":{\"@id\":\"https:\/\/ramaderiacalandreu.com\/es\/aviso-legal\/#breadcrumb\"},\"inLanguage\":\"es\",\"potentialAction\":[{\"@type\":\"ReadAction\",\"target\":[\"https:\/\/ramaderiacalandreu.com\/es\/aviso-legal\/\"]}]},{\"@type\":\"BreadcrumbList\",\"@id\":\"https:\/\/ramaderiacalandreu.com\/es\/aviso-legal\/#breadcrumb\",\"itemListElement\":[{\"@type\":\"ListItem\",\"position\":1,\"name\":\"Inici\",\"item\":\"https:\/\/ramaderiacalandreu.com\/es\/\"},{\"@type\":\"ListItem\",\"position\":2,\"name\":\"Aviso legal\"}]},{\"@type\":\"WebSite\",\"@id\":\"https:\/\/ramaderiacalandreu.com\/#website\",\"url\":\"https:\/\/ramaderiacalandreu.com\/\",\"name\":\"Ramaderia Ca L&#039;Andreu\",\"description\":\"Botiga online de carn ecol\u00f2gica\",\"potentialAction\":[{\"@type\":\"SearchAction\",\"target\":{\"@type\":\"EntryPoint\",\"urlTemplate\":\"https:\/\/ramaderiacalandreu.com\/?s={search_term_string}\"},\"query-input\":{\"@type\":\"PropertyValueSpecification\",\"valueRequired\":true,\"valueName\":\"search_term_string\"}}],\"inLanguage\":\"es\"}]}<\/script>\n<!-- \/ Yoast SEO plugin. -->","yoast_head_json":{"title":"Aviso legal - Ramaderia Ca L&#039;Andreu","robots":{"index":"index","follow":"follow","max-snippet":"max-snippet:-1","max-image-preview":"max-image-preview:large","max-video-preview":"max-video-preview:-1"},"canonical":"https:\/\/ramaderiacalandreu.com\/es\/aviso-legal\/","og_locale":"es_ES","og_type":"article","og_title":"Aviso legal - Ramaderia Ca L&#039;Andreu","og_description":"LEY DE LOS SERVICIOS DE LA SOCIEDAD DE LA INFORMACI\u00d3N (LSSI) Ramaderia ecol\u00f2gica ca l&#8217;Andreu,SL, responsable del sitio web, en adelante RESPONSABLE, pone a disposici\u00f3n de los usuarios el presente documento, con el que pretende dar cumplimiento a las obligaciones dispuestas en la Ley 34\/2002, de 11 de julio, de Servicios de la Sociedad de [&hellip;]","og_url":"https:\/\/ramaderiacalandreu.com\/es\/aviso-legal\/","og_site_name":"Ramaderia Ca L&#039;Andreu","twitter_card":"summary_large_image","twitter_misc":{"Tiempo de lectura":"7 minutos"},"schema":{"@context":"https:\/\/schema.org","@graph":[{"@type":"WebPage","@id":"https:\/\/ramaderiacalandreu.com\/es\/aviso-legal\/","url":"https:\/\/ramaderiacalandreu.com\/es\/aviso-legal\/","name":"Aviso legal - Ramaderia Ca L&#039;Andreu","isPartOf":{"@id":"https:\/\/ramaderiacalandreu.com\/#website"},"datePublished":"2018-12-17T09:05:33+00:00","breadcrumb":{"@id":"https:\/\/ramaderiacalandreu.com\/es\/aviso-legal\/#breadcrumb"},"inLanguage":"es","potentialAction":[{"@type":"ReadAction","target":["https:\/\/ramaderiacalandreu.com\/es\/aviso-legal\/"]}]},{"@type":"BreadcrumbList","@id":"https:\/\/ramaderiacalandreu.com\/es\/aviso-legal\/#breadcrumb","itemListElement":[{"@type":"ListItem","position":1,"name":"Inici","item":"https:\/\/ramaderiacalandreu.com\/es\/"},{"@type":"ListItem","position":2,"name":"Aviso legal"}]},{"@type":"WebSite","@id":"https:\/\/ramaderiacalandreu.com\/#website","url":"https:\/\/ramaderiacalandreu.com\/","name":"Ramaderia Ca L&#039;Andreu","description":"Botiga online de carn ecol\u00f2gica","potentialAction":[{"@type":"SearchAction","target":{"@type":"EntryPoint","urlTemplate":"https:\/\/ramaderiacalandreu.com\/?s={search_term_string}"},"query-input":{"@type":"PropertyValueSpecification","valueRequired":true,"valueName":"search_term_string"}}],"inLanguage":"es"}]}},"jetpack_sharing_enabled":true,"jetpack_shortlink":"https:\/\/wp.me\/P9BGFK-fq","jetpack_likes_enabled":true,"jetpack-related-posts":[],"_links":{"self":[{"href":"https:\/\/ramaderiacalandreu.com\/es\/wp-json\/wp\/v2\/pages\/956","targetHints":{"allow":["GET"]}}],"collection":[{"href":"https:\/\/ramaderiacalandreu.com\/es\/wp-json\/wp\/v2\/pages"}],"about":[{"href":"https:\/\/ramaderiacalandreu.com\/es\/wp-json\/wp\/v2\/types\/page"}],"author":[{"embeddable":true,"href":"https:\/\/ramaderiacalandreu.com\/es\/wp-json\/wp\/v2\/users\/1"}],"replies":[{"embeddable":true,"href":"https:\/\/ramaderiacalandreu.com\/es\/wp-json\/wp\/v2\/comments?post=956"}],"version-history":[{"count":0,"href":"https:\/\/ramaderiacalandreu.com\/es\/wp-json\/wp\/v2\/pages\/956\/revisions"}],"wp:attachment":[{"href":"https:\/\/ramaderiacalandreu.com\/es\/wp-json\/wp\/v2\/media?parent=956"}],"curies":[{"name":"wp","href":"https:\/\/api.w.org\/{rel}","templated":true}]}}